{"id":7216,"date":"2016-06-13T15:48:45","date_gmt":"2016-06-13T15:48:45","guid":{"rendered":"https:\/\/simdexhp.com\/quienes-somos\/"},"modified":"2023-12-17T21:08:34","modified_gmt":"2023-12-17T21:08:34","slug":"quienes-somos","status":"publish","type":"page","link":"https:\/\/simdexhp.com\/es\/quienes-somos\/","title":{"rendered":"Qui\u00e9nes somos"},"content":{"rendered":"<div class=\"wpb-content-wrapper\"><p>[vc_row wrap_container=\u00bbyes\u00bb el_class=\u00bbp-t-xxl\u00bb][vc_column width=\u00bb5\/6&#8243; offset=\u00bbvc_col-sm-offset-1&#8243; conditional_render=\u00bb%5B%7B%22value_role%22%3A%22administrator%22%7D%5D\u00bb]<h1 class=\"word-rotator slide short\" data-appear-animation=\"fadeInUp\" style=\"text-align:center;\" data-plugin-options=\"{'waittime': 2500, 'pauseOnHover': false}\"><span class=\"word-rotate-prefix\" style=\"font-weight:700;font-size:32px !important;color:#ffffff;\">Business with Simdex is<\/span> <span class=\"word-rotator-items\" style=\"color:#ad9263;\"><b class=\"active\">Synonymous with Reliability.<\/b><b>Supported by Expertise.<\/b><b>a Seamless Experience.<\/b><\/span><\/h1>[vc_column_text css_animation=\u00bbfadeInUp\u00bb el_class=\u00bbfeatured lead\u00bb][\/vc_column_text][\/vc_column][\/vc_row][vc_row wrap_container=\u00bbyes\u00bb is_section=\u00bbyes\u00bb section_skin=\u00bblight\u00bb remove_margin_top=\u00bbyes\u00bb remove_margin_bottom=\u00bbyes\u00bb remove_border=\u00bbyes\u00bb el_class=\u00bbp-t-xxl row-align-items-center\u00bb conditional_render=\u00bb%5B%7B%22value_role%22%3A%22administrator%22%7D%5D\u00bb][vc_column offset=\u00bbvc_col-md-6&#8243; el_class=\u00bbpe-lg-5 mb-sm-5 mb-lg-0&#8243;][vc_custom_heading text=\u00bb<b>Quienes somos<\/b>\u00bb font_container=\u00bbtag:h2|font_size:25|text_align:left|color:%23ad9263|line_height:1&#8243; use_theme_fonts=\u00bbyes\u00bb el_class=\u00bbmb-3&#8243;][vc_column_text]<span style=\"color: #ffffff;\">Simdex H&amp;P Company, fundada en 2022 en Espa\u00f1a, se ha convertido en un actor destacado en el mercado mundial de productos petroqu\u00edmicos, qu\u00edmicos, met\u00e1licos y alimentarios, as\u00ed como de fertilizantes especiales. Nuestra amplia gama de ofertas abastece a diversas industrias y sectores, lo que nos permite satisfacer las necesidades \u00fanicas de nuestros clientes en todo el mundo.<\/span><\/p>\n<p><span style=\"color: #ffffff;\">Con una red de filiales estrat\u00e9gicamente situadas en todo el mundo, hemos establecido una fuerte presencia en mercados clave. Esto nos permite abastecernos, producir y distribuir nuestros productos con eficacia, garantizando la entrega puntual y la satisfacci\u00f3n del cliente. Nuestras filiales son eslabones vitales de nuestra cadena de valor y nos permiten aprovechar la experiencia, los recursos y el conocimiento del mercado locales para optimizar nuestras operaciones.<\/span><\/p>\n<p><span style=\"color: #ffffff;\">En Simdex H&amp;P Company, somos conscientes de que el \u00e9xito en el mercado mundial requiere algo m\u00e1s que la calidad del producto. Exige un profundo conocimiento de la din\u00e1mica del mercado, las tendencias y las preferencias de los clientes. Para mantenernos a la vanguardia, empleamos tecnolog\u00edas de vanguardia y m\u00e9todos innovadores para seguir de cerca y analizar las condiciones del mercado. Esto nos permite tomar decisiones con conocimiento de causa, adaptarnos r\u00e1pidamente a las circunstancias cambiantes y aprovechar las nuevas oportunidades.<\/span><\/p>\n<p><span style=\"color: #ffffff;\">Nuestro compromiso con la excelencia va m\u00e1s all\u00e1 de nuestros productos y servicios. prioridad a las pr\u00e1cticas sostenibles y a las operaciones empresariales responsables, garantizando que nuestras actividades tengan un impacto positivo en el medio ambiente y en las comunidades en las que operamos. Mediante el cumplimiento de estrictas normas de calidad y principios \u00e9ticos, pretendemos establecer relaciones a largo plazo con nuestros clientes, partes interesadas y socios, basadas en la confianza y el beneficio mutuo.<\/span><\/p>\n<p><span style=\"color: #ffffff;\">Mientras seguimos ampliando nuestro alcance global, mantenemos nuestro objetivo de convertirnos en l\u00edderes del mercado en comercio internacional y exportaci\u00f3n. Invertimos en investigaci\u00f3n y desarrollo continuos, explorando nuevos mercados e innovaciones de productos para satisfacer las cambiantes demandas de los clientes. Al mantenernos a la vanguardia de las tendencias del sector y adoptar los avances tecnol\u00f3gicos, confiamos en nuestra capacidad para ofrecer valor y mantener nuestra ventaja competitiva.<\/span><\/p>\n<p><span style=\"color: #ffffff;\">En resumen, Simdex H&amp;P Company es una organizaci\u00f3n din\u00e1mica y con visi\u00f3n de futuro que combina experiencia, inteligencia de mercado y recursos globales para ofrecer soluciones de alto valor a nuestros clientes. Centr\u00e1ndonos en el comercio internacional, las pr\u00e1cticas sostenibles y la satisfacci\u00f3n del cliente, estamos preparados para alcanzar nuestra visi\u00f3n de ser un l\u00edder de confianza en el mercado mundial.<\/span>[\/vc_column_text][\/vc_column][vc_column width=\u00bb1\/2&#8243; offset=\u00bbvc_col-md-offset-2 vc_col-md-4 vc_col-sm-offset-4&#8243; el_class=\u00bbcol-sm-8 offset-sm-5 mt-sm-5 pt-sm-5&#8243;][vc_single_image image=\u00bb916&#8243; img_size=\u00bbfull\u00bb animation_delay=\u00bb300&#8243; css_animation=\u00bbnone\u00bb el_class=\u00bbposition-absolute d-none d-sm-block\u00bb css=\u00bb.vc_custom_1542029850534{margin-top: 10% !important;margin-left: -54% !important;}\u00bb animation_type=\u00bbzoomIn\u00bb][vc_single_image image=\u00bb917&#8243; img_size=\u00bbfull\u00bb animation_delay=\u00bb100&#8243; el_class=\u00bbposition-absolute d-none d-sm-block\u00bb css=\u00bb.vc_custom_1542029951008{margin-top: -26% !important;margin-left: -33% !important;}\u00bb animation_type=\u00bbzoomIn\u00bb][vc_single_image image=\u00bb918&#8243; img_size=\u00bbfull\u00bb animation_delay=\u00bb600&#8243; el_class=\u00bbposition-relative mb-0&#8243; animation_type=\u00bbzoomIn\u00bb][\/vc_column][\/vc_row][vc_row wrap_container=\u00bbyes\u00bb is_section=\u00bbyes\u00bb section_skin=\u00bbparallax\u00bb remove_margin_top=\u00bbyes\u00bb remove_margin_bottom=\u00bbyes\u00bb remove_border=\u00bbyes\u00bb][vc_column][vc_row_inner][vc_column_inner width=\u00bb1\/2&#8243;]<style>.togglesc3e0449811f73916b34f3bf91fdbc676.toggle-simple .toggle > label:after { background-color: #ad9263 }<\/style><div class=\"porto-toggles wpb_content_element  toggle-simple togglesc3e0449811f73916b34f3bf91fdbc676\">[vc_toggle title=\u00bbNuestra visi\u00f3n\u00bb open=\u00bbtrue\u00bb]En Simdex H&amp;P Company, nuestra visi\u00f3n es ser reconocidos como l\u00edderes mundiales en las industrias petroqu\u00edmica, qu\u00edmica, metal\u00fargica y alimentaria. Aspiramos a lograrlo suministrando constantemente productos y servicios de alta calidad que superen las expectativas de los clientes. Mediante la innovaci\u00f3n, las asociaciones estrat\u00e9gicas y el compromiso con la sostenibilidad, aspiramos a dar forma al futuro de estas industrias y contribuir al bienestar de la sociedad.[\/vc_toggle]<\/div>[\/vc_column_inner][vc_column_inner width=\u00bb1\/2&#8243;][vc_progress_bar values=\u00bb%5B%7B%22label%22%3A%22Oferta y demanda%22%2C%22value%22%3A%2225%22%7D%2C%7B%22label%22%3A%22Producci\u00f3n%22%2C%22value%22%3A%2250%22%7D%2C%7B%22label%22%3A%22Almac\u00e9n%22%2C%22value%22%3A%2275%22%7D%2C%7B%22label%22%3A%22Entrega y cumplimiento%22%2C%22value%22%3A%22100%22%7D%5D\u00bb bgcolor=\u00bbcustom\u00bb units=\u00bb%\u00bb custombgcolor=\u00bb#ad9263&#8243;][\/vc_column_inner][\/vc_row_inner][vc_separator color=\u00bbcustom\u00bb style=\u00bbsolid\u00bb gap=\u00bbtaller\u00bb accent_color=\u00bbrgba(0,0,0,0.06)\u00bb][\/vc_column][\/vc_row][vc_row wrap_container=\u00bbyes\u00bb css=\u00bb.vc_custom_1557526100077{padding-top: 96px !important;padding-bottom: 96px !important;}\u00bb el_class=\u00bbaboutus my-sm-5&#8243;][vc_column animation_duration=\u00bb100&#8243; offset=\u00bbvc_col-md-6&#8243; el_class=\u00bbd-flex align-items-center justify-content-center mb-5 mb-lg-0 pb-sm-5 pb-lg-0 mt-sm-5 mt-lg-0&#8243; animation_type=\u00bbfadeIn\u00bb][vc_row_inner content_placement=\u00bbmiddle\u00bb el_class=\u00bbno-padding\u00bb][vc_column_inner el_class=\u00bbd-flex position-relative align-items-center\u00bb][vc_raw_html el_class=\u00bbmb-0&#8243;]PHN2ZyBoZWlnaHQ9IjEwMCUiIHdpZHRoPSIxMDAlIiBjbGFzcz0ic3ZnLXByaW1hcnkgb3BhY2l0eS0yIHBvc2l0aW9uLWFic29sdXRlIG92ZXJmbG93LXZpc2libGUgdG9wLTAgbGVmdC0wIj4KICAgIDxjaXJjbGUgY3g9IjUwJSIgY3k9IjUwJSIgcj0iODAlIiBzdHJva2U9IiNDQ0MiIHN0cm9rZS13aWR0aD0iNyIgZmlsbD0iI0NDQyIgY2xhc3M9ImFwcGVhci1hbmltYXRpb24iIGRhdGEtYXBwZWFyLWFuaW1hdGlvbj0ibGluZVByb2dyZXNzQW5kRmlsbCIgZGF0YS1hcHBlYXItYW5pbWF0aW9uLWR1cmF0aW9uPSI1NTAwIi8+Cjwvc3ZnPg==[\/vc_raw_html][vc_single_image image=\u00bb7548&#8243; img_size=\u00bbfull\u00bb alignment=\u00bbcenter\u00bb el_class=\u00bbmb-0 custom-img-position-1&#8243;][vc_single_image image=\u00bb7550&#8243; img_size=\u00bbfull\u00bb alignment=\u00bbcenter\u00bb el_class=\u00bbmb-0 custom-img-position-2 position-absolute\u00bb][vc_single_image image=\u00bb7554&#8243; img_size=\u00bbfull\u00bb alignment=\u00bbcenter\u00bb el_class=\u00bbmb-0 custom-img-position-3 position-absolute\u00bb][\/vc_column_inner][\/vc_row_inner][\/vc_column][vc_column animation_duration=\u00bb100&#8243; offset=\u00bbvc_col-md-6&#8243; animation_type=\u00bbfadeIn\u00bb]<div class=\"porto-u-heading mb-4  wpb_custom_7aad7182223b909cfc9355f0ef8a9bb8 porto-u-ad87e2eaf3f9c495180fe0156ddf3eb0 \"><div class=\"porto-u-main-heading\"><h2   style=\"font-weight:600;color:#ad9263;margin-bottom: 4px;font-size:30px;line-height:42px;\">Nuestra misi\u00f3n<\/h2><\/div><div class=\"porto-u-sub-heading\" style=\"color: #ffffff;margin-bottom:0px;\"><span style=\"font-size: 16px;\">Nuestra misi\u00f3n en Simdex H&amp;P Company es proporcionar a nuestros clientes un valor excepcional a trav\u00e9s de nuestra variada gama de productos y servicios. Nos esforzamos por ser su socio de confianza, ofreciendo soluciones fiables y eficientes que satisfagan sus necesidades espec\u00edficas. Aprovechando nuestra amplia informaci\u00f3n sobre el mercado y nuestros recursos en todo el mundo, pretendemos optimizar la cadena de valor y crear oportunidades de crecimiento sostenible para nuestros clientes, accionistas y empleados.<\/span><\/p>\n<p><span style=\"font-size: 16px;\">Nos dedicamos a desarrollar nuestra actividad con integridad, transparencia y un fuerte sentido de la responsabilidad social corporativa. Damos prioridad a la seguridad de nuestros empleados, la protecci\u00f3n del medio ambiente y el bienestar de las comunidades en las que operamos. Mediante la mejora continua, la innovaci\u00f3n y la adopci\u00f3n de tecnolog\u00edas de vanguardia, pretendemos adelantarnos a las tendencias del mercado y mantener nuestra posici\u00f3n de l\u00edderes.<\/span><\/p>\n<p><span style=\"font-size: 16px;\">Nuestra misi\u00f3n se extiende tambi\u00e9n al fomento de una cultura de colaboraci\u00f3n, diversidad e inclusi\u00f3n dentro de nuestra organizaci\u00f3n. Creemos que la aceptaci\u00f3n de diferentes perspectivas y talentos nos permite impulsar la innovaci\u00f3n y lograr juntos un mayor \u00e9xito. Nos comprometemos a proporcionar a nuestros empleados un entorno de trabajo de apoyo y empoderamiento que fomente el crecimiento personal, el desarrollo profesional y un fuerte sentimiento de orgullo por formar parte de la familia Simdex H&amp;P Company.<\/span><\/p>\n<p><span style=\"font-size: 16px;\">En resumen, nuestra visi\u00f3n es liderar el sector a trav\u00e9s de la excelencia, la innovaci\u00f3n y la sostenibilidad, mientras que nuestra misi\u00f3n es ofrecer un valor excepcional a nuestros clientes, partes interesadas y empleados aprovechando nuestra experiencia, recursos y compromiso con las pr\u00e1cticas empresariales respo.<\/span><\/div><style>.porto-u-ad87e2eaf3f9c495180fe0156ddf3eb0.porto-u-heading{text-align:left}<\/style><\/div>[\/vc_column][\/vc_row]<\/p>\n<\/div>","protected":false},"excerpt":{"rendered":"<p>[vc_row wrap_container=\u00bbyes\u00bb el_class=\u00bbp-t-xxl\u00bb][vc_column width=\u00bb5\/6&#8243; offset=\u00bbvc_col-sm-offset-1&#8243; conditional_render=\u00bb%5B%7B%22value_role%22%3A%22administrator%22%7D%5D\u00bb][vc_column_text css_animation=\u00bbfadeInUp\u00bb el_class=\u00bbfeatured lead\u00bb][\/vc_column_text][\/vc_column][\/vc_row][vc_row wrap_container=\u00bbyes\u00bb is_section=\u00bbyes\u00bb section_skin=\u00bblight\u00bb remove_margin_top=\u00bbyes\u00bb remove_margin_bottom=\u00bbyes\u00bb remove_border=\u00bbyes\u00bb el_class=\u00bbp-t-xxl row-align-items-center\u00bb conditional_render=\u00bb%5B%7B%22value_role%22%3A%22administrator%22%7D%5D\u00bb][vc_column offset=\u00bbvc_col-md-6&#8243; el_class=\u00bbpe-lg-5 mb-sm-5 mb-lg-0&#8243;][vc_custom_heading text=\u00bbQuienes somos\u00bb font_container=\u00bbtag:h2|font_size:25|text_align:left|color:%23ad9263|line_height:1&#8243; use_theme_fonts=\u00bbyes\u00bb el_class=\u00bbmb-3&#8243;][vc_column_text]Simdex H&amp;P Company, fundada en 2022 en Espa\u00f1a, se ha convertido en un actor destacado en el mercado mundial de productos petroqu\u00edmicos, qu\u00edmicos, met\u00e1licos y alimentarios, as\u00ed como de [&hellip;]<\/p>\n","protected":false},"author":1,"featured_media":0,"parent":0,"menu_order":0,"comment_status":"closed","ping_status":"closed","template":"","meta":{"footnotes":""},"class_list":["post-7216","page","type-page","status-publish","hentry"],"jetpack_sharing_enabled":true,"_links":{"self":[{"href":"https:\/\/simdexhp.com\/es\/wp-json\/wp\/v2\/pages\/7216","targetHints":{"allow":["GET"]}}],"collection":[{"href":"https:\/\/simdexhp.com\/es\/wp-json\/wp\/v2\/pages"}],"about":[{"href":"https:\/\/simdexhp.com\/es\/wp-json\/wp\/v2\/types\/page"}],"author":[{"embeddable":true,"href":"https:\/\/simdexhp.com\/es\/wp-json\/wp\/v2\/users\/1"}],"replies":[{"embeddable":true,"href":"https:\/\/simdexhp.com\/es\/wp-json\/wp\/v2\/comments?post=7216"}],"version-history":[{"count":46,"href":"https:\/\/simdexhp.com\/es\/wp-json\/wp\/v2\/pages\/7216\/revisions"}],"predecessor-version":[{"id":7601,"href":"https:\/\/simdexhp.com\/es\/wp-json\/wp\/v2\/pages\/7216\/revisions\/7601"}],"wp:attachment":[{"href":"https:\/\/simdexhp.com\/es\/wp-json\/wp\/v2\/media?parent=7216"}],"curies":[{"name":"wp","href":"https:\/\/api.w.org\/{rel}","templated":true}]}}